{"id":49,"date":"2014-06-14T22:17:49","date_gmt":"2014-06-14T20:17:49","guid":{"rendered":"http:\/\/www.sport-hunde.eu\/wp\/?page_id=49"},"modified":"2016-11-10T14:37:23","modified_gmt":"2016-11-10T12:37:23","slug":"ueber-mich-2","status":"publish","type":"page","link":"http:\/\/www.sport-hunde.eu\/?page_id=49","title":{"rendered":"\u00dcber Mich"},"content":{"rendered":"<p style=\"text-align: left;\">Hallo,<\/p>\n<p>ich bin 1982 geboren. Mit meinem 11. Lebensjahr begann meine Leidenschaft zu Hunden und sp\u00e4ter auch zum Hundesport.<img fetchpriority=\"high\" class=\"size-medium wp-image-338 alignright\" src=\"http:\/\/www.sport-hunde.eu\/wp-content\/uploads\/2014\/06\/IMG_3068-2-282x300.jpg\" alt=\"img_3068-2\" width=\"282\" height=\"300\" srcset=\"http:\/\/www.sport-hunde.eu\/wp-content\/uploads\/2014\/06\/IMG_3068-2-282x300.jpg 282w, http:\/\/www.sport-hunde.eu\/wp-content\/uploads\/2014\/06\/IMG_3068-2.jpg 713w\" sizes=\"(max-width: 282px) 100vw, 282px\" \/><br \/>\n1994 bekam ich meinen ersten eigenen Hund, eine Westieh\u00fcndin namens Bonny.<br \/>\nDa ich aber eigentlich immer schon einen \u201egro\u00dfen\u201c Hund wollte, begann ich die Hunde von Nachbarn und Bekannten auszuf\u00fchren und sp\u00e4ter auch mit Ihnen zu trainieren. Da meine Eltern mich aber nur f\u00fcr eine Pr\u00fcfung auf den Hundeplatz fahren wollten, mussten wir unser Training auf den Wiesen in unserer N\u00e4he abhalten. 1998 absolvierte ich mit einem meiner Pflegehunde die erste BH darauf folgten einige weitere. Der Wunsch nach einem eigenen gro\u00dfen Hund mit dem man evtl. auch Schutzdienst machen k\u00f6nnte stieg immer mehr. So bekam ich nach langem Bitten und Betteln 1999 \u00a0meinen langersehnten Wunschhund in Form einer schwarzmarkenen Hovawarth\u00fcndin namens \u201cAika vom Steigerwald\u201d. 2000 wurde ich Mitglied in meinen ersten Hundesportverein. Leider hatten wir nicht wirklich einen Schutzdiensthelfer. Mit Aika legte ich folgende Pr\u00fcfungen ab: BH, Stpr2, VPG3 Abt. B, und Obedience3. Unsere gr\u00f6\u00dften Erfolge waren Bayr. Meister Obedience2, Kreismeister Obedience3 und 2-malige Teilnahme an der Deutschen Meisterschaft Obedience. Leider mussten wir Aika 2010 von Ihrem Leiden erl\u00f6sen.<br \/>\n2001 zog Akira \u201cFantasy von der N\u00f6ttinger Heide\u201d eine graue Sch\u00e4ferh\u00fcndin bei uns ein, mit ihr machte ich die ersten Schritte im VPG.<br \/>\nDurch Akira lernte ich \u00a02006 Florian Knabl und dann sp\u00e4ter auch die Heuwinkler kennen . Vielen Dank, dass du dir schon damals die Zeit f\u00fcr Akira und mich genommen hast und wir so viel von dir lernen durften. Mit Akira absolvierte ich die BH, FH1, VPG3, IPO3 und Obedience3. Unser gr\u00f6\u00dfter Erfolg war die Teilnahme an der Deutschen Meisterschaft Obedience. Akira genie\u00dft seit 2009 ihr Rentnerleben. Leider\u00a0mussten wir\u00a02012 Akira von Ihrem Leiden erl\u00f6sen.<br \/>\n2009 hielt die kleine Malih\u00fcndin \u201cPage vom Further Moor\u201d bei uns Einzug und\u00a0seit dieser Zeit bin ich auch ein Teil des Team Heuwinkl. Page w\u00fcrde ich als Genie und Wahnsinn bezeichnen.\u00a0 Mit ihr\u00a0hab ich bisher schon mehr erreicht, wie ich mir damals jemals ertr\u00e4umt h\u00e4tte. Mit ihr wurde ich Deutscher Vize-Meister IPO\u00a0des DMC 2014 und erhielt\u00a0hier sogar\u00a0die Auszeichnung f\u00fcr\u00a0&#8222;Bestes Apportieren&#8220;, 8. Platz FMBB WM\u00a0IPO 2015 &#8211; Zweit-Bester im Finale (punktgleich mit dem Besten), Mannschafts-Weltmeister FMBB WM IPO 2015, Vize-Sieger des Regionalchampionats\u00a0IPO in Karlsdorf-Neuthard\u00a02015.<\/p>\n<p>Ich m\u00f6chte mich an dieser Stelle bei Flori, Peter, Conni und dem ganzen Team Heuwinkl f\u00fcr die Unterst\u00fctzung bedanken und freue mich auf die kommende Zeit mit Euch.<\/p>\n<p>Eure Steffi \u2013 Dezember 2015<\/p>\n","protected":false},"excerpt":{"rendered":"<p>Hallo, ich bin 1982 geboren. Mit meinem 11. Lebensjahr begann meine Leidenschaft zu Hunden und sp\u00e4ter auch zum Hundesport. 1994 bekam ich meinen ersten eigenen Hund, eine Westieh\u00fcndin namens Bonny. Da ich aber eigentlich immer schon einen \u201egro\u00dfen\u201c Hund wollte, <a class=\"more-link\" href=\"http:\/\/www.sport-hunde.eu\/?page_id=49\">Weiterlesen&#8230;<\/a><\/p>\n","protected":false},"author":1,"featured_media":252,"parent":0,"menu_order":0,"comment_status":"open","ping_status":"open","template":"","meta":{"ngg_post_thumbnail":0},"_links":{"self":[{"href":"http:\/\/www.sport-hunde.eu\/index.php?rest_route=\/wp\/v2\/pages\/49"}],"collection":[{"href":"http:\/\/www.sport-hunde.eu\/index.php?rest_route=\/wp\/v2\/pages"}],"about":[{"href":"http:\/\/www.sport-hunde.eu\/index.php?rest_route=\/wp\/v2\/types\/page"}],"author":[{"embeddable":true,"href":"http:\/\/www.sport-hunde.eu\/index.php?rest_route=\/wp\/v2\/users\/1"}],"replies":[{"embeddable":true,"href":"http:\/\/www.sport-hunde.eu\/index.php?rest_route=%2Fwp%2Fv2%2Fcomments&post=49"}],"version-history":[{"count":8,"href":"http:\/\/www.sport-hunde.eu\/index.php?rest_route=\/wp\/v2\/pages\/49\/revisions"}],"predecessor-version":[{"id":339,"href":"http:\/\/www.sport-hunde.eu\/index.php?rest_route=\/wp\/v2\/pages\/49\/revisions\/339"}],"wp:featuredmedia":[{"embeddable":true,"href":"http:\/\/www.sport-hunde.eu\/index.php?rest_route=\/wp\/v2\/media\/252"}],"wp:attachment":[{"href":"http:\/\/www.sport-hunde.eu\/index.php?rest_route=%2Fwp%2Fv2%2Fmedia&parent=49"}],"curies":[{"name":"wp","href":"https:\/\/api.w.org\/{rel}","templated":true}]}}